{"id":29,"date":"2016-05-20T16:24:43","date_gmt":"2016-05-20T14:24:43","guid":{"rendered":"http:\/\/mkradio.de\/site\/?page_id=29"},"modified":"2022-09-26T08:06:07","modified_gmt":"2022-09-26T06:06:07","slug":"werdegang","status":"publish","type":"page","link":"https:\/\/mkradio.de\/site\/werdegang\/","title":{"rendered":"Werdegang"},"content":{"rendered":"<p>Ausbildung:<\/p>\n<blockquote>\n<p><strong>1987-1991:<\/strong> Gemeinschaftsgrundschule in Kaarst-Vorst<br \/><strong>1991-2001:<\/strong> Georg-B\u00fcchner-Gymnasium in Kaarst<br \/><strong>2001:<\/strong> Abitur, danach Zivildienst im Pflegebereich bei der Caritas (Rhein-Kreis Neuss)<br \/><strong>2002:<\/strong> Studium der Anglistik und Germanistik an der Heinrich-Heine-Universit\u00e4t D\u00fcsseldorf mit Schwerpunkt Sprachwissenschaft<br \/><strong>2009:<\/strong> Testat der Akademie f\u00fcr Publizistik, Hamburg<\/p>\n<\/blockquote>\n<p>Geb\u00fcrtig komme ich aus D\u00fcsseldorf &#8211; und bin in der Landeshauptstadt, am Niederrhein und im Ruhrgebiet aufgewachsen. Nach meinem Abitur am Georg-B\u00fcchner Gymnasium in Kaarst habe ich ab 2002 an der Heinrich-Heine Universit\u00e4t D\u00fcsseldorf die F\u00e4cher Anglistik und Germanistik studiert. Im Fr\u00fchjahr 1999 hat mich das Radio gepackt und ich fing an, mit meiner Stimme eine Menge Dinge anzustellen. Vom Fr\u00fchjahr 2011 bis 2018 habe ich als Moderator f\u00fcr Radio K\u00f6ln gearbeitet. 2018 bis 2022 habe ich die Morning Show bei RADIO 90,1 am Niederrhein moderiert. Ich bin landesweit in NRW in den Nachrichten bei der NRW-Lokalradios zu h\u00f6ren. Als Langstreckenl\u00e4ufer geh\u00f6re ich der Leichtathletik-Abteilung des TUSEM Essen e.V. an und unterst\u00fctze als gew\u00e4hlter Pressewart den Vereinsvorstand.<\/p>\n\n\n<p><\/p>\n","protected":false},"excerpt":{"rendered":"<p>Ausbildung: 1987-1991: Gemeinschaftsgrundschule in Kaarst-Vorst1991-2001: Georg-B\u00fcchner-Gymnasium in Kaarst2001: Abitur, danach Zivildienst im Pflegebereich bei der Caritas (Rhein-Kreis Neuss)2002: Studium der Anglistik und Germanistik an der Heinrich-Heine-Universit\u00e4t D\u00fcsseldorf mit Schwerpunkt Sprachwissenschaft2009: Testat der Akademie f\u00fcr Publizistik, Hamburg Geb\u00fcrtig komme ich aus D\u00fcsseldorf &#8211; und bin in der Landeshauptstadt, am Niederrhein und [&hellip;]<\/p>\n","protected":false},"author":1,"featured_media":0,"parent":0,"menu_order":0,"comment_status":"closed","ping_status":"closed","template":"","meta":{"jetpack_post_was_ever_published":false,"footnotes":""},"class_list":["post-29","page","type-page","status-publish","hentry"],"jetpack_sharing_enabled":true,"jetpack_shortlink":"https:\/\/wp.me\/P9mLmp-t","_links":{"self":[{"href":"https:\/\/mkradio.de\/site\/wp-json\/wp\/v2\/pages\/29","targetHints":{"allow":["GET"]}}],"collection":[{"href":"https:\/\/mkradio.de\/site\/wp-json\/wp\/v2\/pages"}],"about":[{"href":"https:\/\/mkradio.de\/site\/wp-json\/wp\/v2\/types\/page"}],"author":[{"embeddable":true,"href":"https:\/\/mkradio.de\/site\/wp-json\/wp\/v2\/users\/1"}],"replies":[{"embeddable":true,"href":"https:\/\/mkradio.de\/site\/wp-json\/wp\/v2\/comments?post=29"}],"version-history":[{"count":5,"href":"https:\/\/mkradio.de\/site\/wp-json\/wp\/v2\/pages\/29\/revisions"}],"predecessor-version":[{"id":377,"href":"https:\/\/mkradio.de\/site\/wp-json\/wp\/v2\/pages\/29\/revisions\/377"}],"wp:attachment":[{"href":"https:\/\/mkradio.de\/site\/wp-json\/wp\/v2\/media?parent=29"}],"curies":[{"name":"wp","href":"https:\/\/api.w.org\/{rel}","templated":true}]}}