{"id":20,"date":"2016-05-20T12:21:46","date_gmt":"2016-05-20T10:21:46","guid":{"rendered":"http:\/\/mkradio.de\/site\/?page_id=20"},"modified":"2022-05-02T09:51:57","modified_gmt":"2022-05-02T07:51:57","slug":"referenzen","status":"publish","type":"page","link":"https:\/\/mkradio.de\/site\/referenzen\/","title":{"rendered":"Referenzen"},"content":{"rendered":"<p>Seit 1999 arbeite ich als Rundfunk-Journalist. Ich lebe in Essen. Meine Stimme gibt es landesweit und zu allen Tageszeiten bei den NRW-Lokalradios zu h\u00f6ren &#8211; besonders h\u00e4ufig aktuell bei Radio Essen und Radio Bochum \ud83d\ude42 Bis zum Jahr 2011 habe ich als freier Redakteur f\u00fcr verschiedene Stationen und Auftraggeber produziert und gesprochen. Von 2011 bis 2017 war ich t\u00e4glich bei Radio K\u00f6ln zu h\u00f6ren. Von 2018 bis 2021 habe ich au\u00dferdem bei RADIO 90,1 die Morning Show moderiert.<\/p>\n<p><strong>Rundfunk:<\/strong><\/p>\n<blockquote><p><strong>Radio NRW<\/strong>\u00a0(landesweites Programm, Oberhausen) &#8211; <strong>Radio Essen<\/strong> &#8211; <strong>Radio Bochum<\/strong> &#8211; <strong>RADIO 90,1<\/strong> (M\u00f6nchengladbach) &#8211; <strong>Radio K\u00f6ln 107,1<\/strong> &#8211; <strong>NE-WS 89.4<\/strong> (Neuss) &#8211; <strong>Antenne D\u00fcsseldorf<\/strong> (Landeshauptstadt D\u00fcsseldorf) &#8211; <strong>Radio K.W.<\/strong> (Kreis Wesel) &#8211; <strong>Welle Niederrhein<\/strong> (Krefeld\/Kreis Viersen) &#8211; <strong>Radio Erft<\/strong> (Wesseling) &#8211; <strong>Radio Neandertal<\/strong> (Mettmann) &#8211; <strong>Radio Rur<\/strong> (Kreis D\u00fcren) &#8211; <strong>Radio WAF<\/strong> (Warendorf) &#8211; <strong>Radio RST<\/strong> (Steinfurt) &#8211; <strong>107.8 Antenne AC<\/strong> (St\u00e4dteregion Aachen) &#8211; <strong>Radio SAW<\/strong> (Magdeburg) &#8211; <strong>Radio Brocken<\/strong> (Halle\/Saale) &#8211; <strong>Saarl\u00e4ndischer Rundfunk SR1<\/strong> (Saarbr\u00fccken) &#8211; <strong>S\u00fcdwestrundfunk SWR<\/strong> (Baden-Baden) &#8211; info.network &#8211; RTL Television K\u00f6ln &#8211; VOX (Vertonung)<br \/>\nNicht mehr auf Sendung: <strong>Welle West<\/strong> (Heinsberg) &#8211; <strong>RSK 92.6<\/strong> (Ostbelgien) &#8211; <strong>Aachen 100,eins<\/strong> (Aachen)<\/p><\/blockquote>\n<p><strong>Event-Moderation und Public Relations-Begleitung:<\/strong><\/p>\n<blockquote><p><strong>TUSEM Essen e.V.<\/strong> &#8211; <strong>LaminatDepot Velbert<\/strong> &#8211; <strong>Bunert Event<\/strong> &#8211; <strong>Bunert SoloRun<\/strong> &#8211; <strong>MedienAkademie Ruhr Essen<\/strong> &#8211; <strong>TEMA Technologie-Marketing<\/strong>\u00a0(Veranstaltungs-Moderation) &#8211; <strong>HUMA Rheinparkcenter Einkaufspark<\/strong> (Neuss) &#8211; <strong>Stadtwerke Neuss swn<\/strong> &#8211; Moderation Public Viewing in Neuss, WM 2006 und EM 2008 &#8211; <strong>Jever Skihalle Neuss<\/strong> &#8211; <strong>Neuss-Grevenbroicher Zeitung Verlag<\/strong> &#8211; Scoop Event &#8211; <strong>Rheinische Post<\/strong> D\u00fcsseldorf &#8211; <strong>FST e.V. Freiwillige Selbstkontrolle Telekommunikation<\/strong> (D\u00fcsseldorf) &#8211; Podiumsdiskussionen im Auftrag der <strong>Industriegewerkschaft IGBCE<\/strong> Bergisch Gladbach &#8211; <strong>Apothekerverband Linker Niederrhein <\/strong>(NRW) &#8211; <strong>IKEA Deutschland<\/strong> &#8211; <strong>Sankt Augustinus-Kliniken<\/strong> (Neuss, M\u00f6nchengladbach, Krefeld, Viersen) &#8211; langj\u00e4hrige Rundfunk-Serie zu Gesundheits-Schwerpunkten &#8211; <strong>Stiftung Schloss Dyck<\/strong> (Rhein-Kreis Neuss)<\/p><\/blockquote>\n","protected":false},"excerpt":{"rendered":"<p>Seit 1999 arbeite ich als Rundfunk-Journalist. Ich lebe in Essen. Meine Stimme gibt es landesweit und zu allen Tageszeiten bei den NRW-Lokalradios zu h\u00f6ren &#8211; besonders h\u00e4ufig aktuell bei Radio Essen und Radio Bochum \ud83d\ude42 Bis zum Jahr 2011 habe ich als freier Redakteur f\u00fcr verschiedene Stationen und Auftraggeber produziert [&hellip;]<\/p>\n","protected":false},"author":1,"featured_media":0,"parent":0,"menu_order":0,"comment_status":"closed","ping_status":"closed","template":"","meta":{"jetpack_post_was_ever_published":false,"footnotes":""},"class_list":["post-20","page","type-page","status-publish","hentry"],"jetpack_sharing_enabled":true,"jetpack_shortlink":"https:\/\/wp.me\/P9mLmp-k","_links":{"self":[{"href":"https:\/\/mkradio.de\/site\/wp-json\/wp\/v2\/pages\/20","targetHints":{"allow":["GET"]}}],"collection":[{"href":"https:\/\/mkradio.de\/site\/wp-json\/wp\/v2\/pages"}],"about":[{"href":"https:\/\/mkradio.de\/site\/wp-json\/wp\/v2\/types\/page"}],"author":[{"embeddable":true,"href":"https:\/\/mkradio.de\/site\/wp-json\/wp\/v2\/users\/1"}],"replies":[{"embeddable":true,"href":"https:\/\/mkradio.de\/site\/wp-json\/wp\/v2\/comments?post=20"}],"version-history":[{"count":20,"href":"https:\/\/mkradio.de\/site\/wp-json\/wp\/v2\/pages\/20\/revisions"}],"predecessor-version":[{"id":365,"href":"https:\/\/mkradio.de\/site\/wp-json\/wp\/v2\/pages\/20\/revisions\/365"}],"wp:attachment":[{"href":"https:\/\/mkradio.de\/site\/wp-json\/wp\/v2\/media?parent=20"}],"curies":[{"name":"wp","href":"https:\/\/api.w.org\/{rel}","templated":true}]}}