{"id":2,"date":"2016-05-20T02:18:14","date_gmt":"2016-05-20T00:18:14","guid":{"rendered":"http:\/\/mkradio.de\/site\/?page_id=2"},"modified":"2022-09-26T08:02:56","modified_gmt":"2022-09-26T06:02:56","slug":"martin","status":"publish","type":"page","link":"https:\/\/mkradio.de\/site\/martin\/","title":{"rendered":"Martin"},"content":{"rendered":"<p>Guten Tag. Mein Name ist Martin Kels. Rundfunk-Redakteur. Marathon-L\u00e4ufer. Netz-Fan. Stimme &#8211; und kreativer Kopf. Und ich sage: herzlich willkommen auf meiner pers\u00f6nlichen Webseite.<\/p>\n<p>Ich arbeite seit 1999 als Rundfunk-Journalist, vor allem im Radio. Mich gibt es in den landesweiten Weltnachrichten bei allen Lokalradios in NRW, au\u00dferdem im Programm von Radio Essen und Radio Bochum und weiteren Sendern. Bis 2017 war ich bei Radio K\u00f6ln 107,1 t\u00e4glich auf der Antenne, danach habe ich die Morningshow bei RADIO 90,1 am Niederrhein moderiert.<\/p>\n<p>Auch nach Feierabend geht es nie ohne Radio, TV und vor allem das Netz: Ich besch\u00e4ftige mich intensiv mit Internet-Trends und aktuellen IT-Entwicklungen. Au\u00dferdem w\u00fchle ich mich gern durch die Radiostationen der Welt und bastle im Bereich Empfangstechnik. Und wie gesagt: Laufschuhe geh\u00f6ren immer dazu! Ich bin begeisterter Laufsportler und trete f\u00fcr meinen Verein TUSEM Essen e.V. an.<\/p>\n<blockquote>\n<p>Fragen? Dann meldet Euch einfach bei mir! Das Kontaktformular gibt es auf der Startseite!<\/p>\n<\/blockquote>\n\n\n<p>&nbsp;<\/p>\n","protected":false},"excerpt":{"rendered":"<p>Guten Tag. Mein Name ist Martin Kels. Rundfunk-Redakteur. Marathon-L\u00e4ufer. Netz-Fan. Stimme &#8211; und kreativer Kopf. Und ich sage: herzlich willkommen auf meiner pers\u00f6nlichen Webseite. Ich arbeite seit 1999 als Rundfunk-Journalist, vor allem im Radio. Mich gibt es in den landesweiten Weltnachrichten bei allen Lokalradios in NRW, au\u00dferdem im Programm von [&hellip;]<\/p>\n","protected":false},"author":1,"featured_media":0,"parent":0,"menu_order":0,"comment_status":"closed","ping_status":"open","template":"","meta":{"jetpack_post_was_ever_published":false,"footnotes":""},"class_list":["post-2","page","type-page","status-publish","hentry"],"jetpack_sharing_enabled":true,"jetpack_shortlink":"https:\/\/wp.me\/P9mLmp-2","_links":{"self":[{"href":"https:\/\/mkradio.de\/site\/wp-json\/wp\/v2\/pages\/2","targetHints":{"allow":["GET"]}}],"collection":[{"href":"https:\/\/mkradio.de\/site\/wp-json\/wp\/v2\/pages"}],"about":[{"href":"https:\/\/mkradio.de\/site\/wp-json\/wp\/v2\/types\/page"}],"author":[{"embeddable":true,"href":"https:\/\/mkradio.de\/site\/wp-json\/wp\/v2\/users\/1"}],"replies":[{"embeddable":true,"href":"https:\/\/mkradio.de\/site\/wp-json\/wp\/v2\/comments?post=2"}],"version-history":[{"count":9,"href":"https:\/\/mkradio.de\/site\/wp-json\/wp\/v2\/pages\/2\/revisions"}],"predecessor-version":[{"id":375,"href":"https:\/\/mkradio.de\/site\/wp-json\/wp\/v2\/pages\/2\/revisions\/375"}],"wp:attachment":[{"href":"https:\/\/mkradio.de\/site\/wp-json\/wp\/v2\/media?parent=2"}],"curies":[{"name":"wp","href":"https:\/\/api.w.org\/{rel}","templated":true}]}}