{"id":83,"date":"2016-05-30T07:09:44","date_gmt":"2016-05-30T05:09:44","guid":{"rendered":"http:\/\/www.mkradio.de\/blumensaat\/?page_id=83"},"modified":"2025-10-22T20:28:28","modified_gmt":"2025-10-22T18:28:28","slug":"rwe-marathon","status":"publish","type":"page","link":"https:\/\/mkradio.de\/blumensaat\/?page_id=83","title":{"rendered":"WestEnergie-MARATHON"},"content":{"rendered":"<p>Neben dem Blumensaatlauf vom TUSEM Essen gibt es auch eine weitere gro\u00dfe Laufveranstaltung an den Ufern des Baldeneysees. Im Oktober startet der <strong>WestEnergie-Marathon &#8222;Rund um den Baldeneysee&#8220;<\/strong>, der seit 1963 jedes Jahr im Essener S\u00fcden ausgetragen wird.<\/p>\n<p>Die Anmeldung dazu l\u00e4uft <a href=\"http:\/\/www.essen-marathon.de\" target=\"_blank\" rel=\"noopener\">\u00fcber unsere Marathon-Internetseite<\/a>. Au\u00dferdem k\u00f6nnt ihr den <a href=\"http:\/\/www.facebook.com\/essenmarathon\" target=\"_blank\" rel=\"noopener\">Marathon bei Facebook<\/a> besuchen und auf &#8222;Daumen hoch&#8220; klicken.<\/p>\n<p>Der n\u00e4chste WestEnergie-Marathon startet <strong>am 11. Oktober 2026<\/strong>. Einen Tag vorher startet der TUSEM am See au\u00dferdem den Walking Day mit verschiedenen Distanzen.<\/p>\n","protected":false},"excerpt":{"rendered":"<p>Neben dem Blumensaatlauf vom TUSEM Essen gibt es auch eine weitere gro\u00dfe Laufveranstaltung an den Ufern des Baldeneysees. Im Oktober startet der WestEnergie-Marathon &#8222;Rund um den Baldeneysee&#8220;, der seit 1963 jedes Jahr im Essener S\u00fcden ausgetragen wird. Die Anmeldung dazu l\u00e4uft \u00fcber unsere Marathon-Internetseite. Au\u00dferdem k\u00f6nnt ihr den Marathon bei [&hellip;]<\/p>\n","protected":false},"author":1,"featured_media":0,"parent":0,"menu_order":0,"comment_status":"closed","ping_status":"closed","template":"","meta":{"jetpack_post_was_ever_published":false,"footnotes":""},"class_list":["post-83","page","type-page","status-publish","hentry"],"jetpack_sharing_enabled":true,"jetpack_shortlink":"https:\/\/wp.me\/Pa9Fl3-1l","_links":{"self":[{"href":"https:\/\/mkradio.de\/blumensaat\/index.php?rest_route=\/wp\/v2\/pages\/83","targetHints":{"allow":["GET"]}}],"collection":[{"href":"https:\/\/mkradio.de\/blumensaat\/index.php?rest_route=\/wp\/v2\/pages"}],"about":[{"href":"https:\/\/mkradio.de\/blumensaat\/index.php?rest_route=\/wp\/v2\/types\/page"}],"author":[{"embeddable":true,"href":"https:\/\/mkradio.de\/blumensaat\/index.php?rest_route=\/wp\/v2\/users\/1"}],"replies":[{"embeddable":true,"href":"https:\/\/mkradio.de\/blumensaat\/index.php?rest_route=%2Fwp%2Fv2%2Fcomments&post=83"}],"version-history":[{"count":7,"href":"https:\/\/mkradio.de\/blumensaat\/index.php?rest_route=\/wp\/v2\/pages\/83\/revisions"}],"predecessor-version":[{"id":406,"href":"https:\/\/mkradio.de\/blumensaat\/index.php?rest_route=\/wp\/v2\/pages\/83\/revisions\/406"}],"wp:attachment":[{"href":"https:\/\/mkradio.de\/blumensaat\/index.php?rest_route=%2Fwp%2Fv2%2Fmedia&parent=83"}],"curies":[{"name":"wp","href":"https:\/\/api.w.org\/{rel}","templated":true}]}}