{"id":69,"date":"2016-05-29T19:36:59","date_gmt":"2016-05-29T17:36:59","guid":{"rendered":"http:\/\/www.mkradio.de\/blumensaat\/?page_id=69"},"modified":"2018-11-25T12:49:08","modified_gmt":"2018-11-25T11:49:08","slug":"august-blumensaat","status":"publish","type":"page","link":"https:\/\/mkradio.de\/blumensaat\/?page_id=69","title":{"rendered":"AUGUST BLUMENSAAT"},"content":{"rendered":"<p>August Blumensaat, der Namensgeber des Ged\u00e4chtnislaufes Ende November und Initiator des Essen-Marathons, war eine der herausragenden Pers\u00f6nlichkeiten in der Laufgeschichte des TUSEM. Seinem Beruf als Buchhalter bei Hochtief ist es wohl zu verdanken, dass er \u00fcber seine Trainingskilometer und Wettk\u00e4mpfe penibel Buch f\u00fchrte. Seit 1928 aktiv, hatte er bis zu seinem 65. Geburtstag\u00a0<img loading=\"lazy\" decoding=\"async\" class=\"size-full wp-image-70 alignleft\" src=\"http:\/\/www.mkradio.de\/blumensaat\/wp-content\/uploads\/2016\/05\/august_blumensaat.jpg\" alt=\"august_blumensaat\" width=\"192\" height=\"291\" \/>im Januar 1976 bereits 1.110 Starts bei Laufveranstaltungen absolviert, bei denen er 562 mal als Sieger hervorging. In den bis dahin 47 Jahren seiner Laufkarriere legte er insgesamt 158.838 Kilometer zur\u00fcck. Dabei waren 200 Wochenkilometer keine Seltenheit. 1952-1956 geh\u00f6rte er der Olympia-Kernmannschaft an, konnte aber sowohl bei den Olympischen Spielen 1952 aufgrund einer Verletzung als auch 1956, wo nur L\u00e4ufer der damaligen DDR starten sollten (die Mauer war noch nicht gebaut), nicht teilnehmen. Zu dieser Zeit, in seinen st\u00e4rksten Jahren, lief er 31:40 Minuten auf 10 Kilometern. Zu seinen gr\u00f6\u00dften Erfolgen geh\u00f6ren 1954 der Vizetitel (Einzel und Mannschaft) bei den Deutschen Marathon-Meisterschaften und ein 18. Platz bei der EM in Helsinki. Die DM 1955 gewann er zusammen mit P\u00f6ning und Leifhelm ebenso wie die DM 1957 in der Besetzung Blumensaat \/ Sch\u00f6ning \/ Schnepp. Bei den Westdeutschen Meisterschaften 1955 lief er mit 44 Jahren die damalige Deutsche Bestzeit von 2:27:41 Stunden. 1965, 10 Jahre sp\u00e4ter, gewann er als 54-j\u00e4hriger den Essen-Marathon in 2:36:09 Stunden. \u00dcber die volle Marathondistanz startete er 113 Mal. Sein letzter Marathon war 1980 in Wesel. Danach zwang ihn eine langj\u00e4hrige Krankheit, seine Laufbahn zu beenden. Am 30. November 1989 verstarb er in Essen.<\/p>\n<p>Zu seinen sch\u00f6nsten Erlebnissen im Leben z\u00e4hlt die Begegnung mit &#8222;Lokomotive&#8220; Emil Zatopek bei den Europameisterschaften 1954 in Bern. Was ihn noch im hohen Alter in Rage bringen konnte, waren die mangelnde Trainings- und Wettkampfh\u00e4rte heutiger Laufprofis und die sp\u00e4ter hohen Siegpr\u00e4mien bei renommierten Laufveranstaltungen, von denen er seinerzeit nur tr\u00e4umen konnte.<\/p>\n","protected":false},"excerpt":{"rendered":"<p>August Blumensaat, der Namensgeber des Ged\u00e4chtnislaufes Ende November und Initiator des Essen-Marathons, war eine der herausragenden Pers\u00f6nlichkeiten in der Laufgeschichte des TUSEM. Seinem Beruf als Buchhalter bei Hochtief ist es wohl zu verdanken, dass er \u00fcber seine Trainingskilometer und Wettk\u00e4mpfe penibel Buch f\u00fchrte. Seit 1928 aktiv, hatte er bis zu [&hellip;]<\/p>\n","protected":false},"author":1,"featured_media":0,"parent":0,"menu_order":0,"comment_status":"closed","ping_status":"closed","template":"","meta":{"jetpack_post_was_ever_published":false,"footnotes":""},"class_list":["post-69","page","type-page","status-publish","hentry"],"jetpack_sharing_enabled":true,"jetpack_shortlink":"https:\/\/wp.me\/Pa9Fl3-17","_links":{"self":[{"href":"https:\/\/mkradio.de\/blumensaat\/index.php?rest_route=\/wp\/v2\/pages\/69","targetHints":{"allow":["GET"]}}],"collection":[{"href":"https:\/\/mkradio.de\/blumensaat\/index.php?rest_route=\/wp\/v2\/pages"}],"about":[{"href":"https:\/\/mkradio.de\/blumensaat\/index.php?rest_route=\/wp\/v2\/types\/page"}],"author":[{"embeddable":true,"href":"https:\/\/mkradio.de\/blumensaat\/index.php?rest_route=\/wp\/v2\/users\/1"}],"replies":[{"embeddable":true,"href":"https:\/\/mkradio.de\/blumensaat\/index.php?rest_route=%2Fwp%2Fv2%2Fcomments&post=69"}],"version-history":[{"count":7,"href":"https:\/\/mkradio.de\/blumensaat\/index.php?rest_route=\/wp\/v2\/pages\/69\/revisions"}],"predecessor-version":[{"id":236,"href":"https:\/\/mkradio.de\/blumensaat\/index.php?rest_route=\/wp\/v2\/pages\/69\/revisions\/236"}],"wp:attachment":[{"href":"https:\/\/mkradio.de\/blumensaat\/index.php?rest_route=%2Fwp%2Fv2%2Fmedia&parent=69"}],"curies":[{"name":"wp","href":"https:\/\/api.w.org\/{rel}","templated":true}]}}