{"id":50,"date":"2016-05-29T19:22:05","date_gmt":"2016-05-29T17:22:05","guid":{"rendered":"http:\/\/www.mkradio.de\/blumensaat\/?page_id=50"},"modified":"2022-11-06T00:30:12","modified_gmt":"2022-11-05T23:30:12","slug":"anreise-parken","status":"publish","type":"page","link":"https:\/\/mkradio.de\/blumensaat\/?page_id=50","title":{"rendered":"ANREISE + PARKEN"},"content":{"rendered":"<p><strong>ANREISE<\/strong><\/p>\n<ul>\n<li><strong>Von der A 40 aus Richtung Dortmund<\/strong> auf die A 52 Abfahrt E-Bergerhausen links ab Richtung Kupferdreh, Ruhrallee (B 227), geradeaus auf Wuppertaler Str., vor der A 44 Abfahrt Abfahrt E-\u00dcberruhr, rechts auf Kupferdreher Str. Richtung Kupferdreh-Nord,\u00a0 Prinz-Friedrich-Str. (Sporthalle). Zum Parken im Gewerbegebiet fahren Sie eine Ausfahrt sp\u00e4ter (E-Kupferdreh) ab.<\/li>\n<li><strong>Von der A 40 aus Richtung Duisburg\/Venlo<\/strong> Abfahrt E-Zentrum, links ab, kurz danach rechts auf die Friedrichstr., Hohenzollernstr., Kronprinzenstr., Ruhrallee (B 227) in Richtung Kupferdreh, weiter wie oben.<\/li>\n<li><strong>Von der A 52 aus Richtung D\u00fcsseldorf<\/strong> Abfahrt E-Bergerhausen, rechts ab Richtung Kupferdreh (B 227), weiter wie oben.<\/li>\n<li><strong>Von der A 44 aus Richtung Wuppertal<\/strong> Abfahrt E-Kupferdreh, links auf Nierenhofer Stra\u00dfe und sofort wieder schr\u00e4g links in Stra\u00dfe Ph\u00f6nixh\u00fctte und bis zum Ende durchfahren.<\/li>\n<li><strong>Mit dem \u00d6PNV<\/strong> entweder S-Bahn 9 oder Bus Linie 155 bis Bhf Kupferdreh.<\/li>\n<li>Bitte die Ausschilderung beachten!<\/li>\n<\/ul>\n<p><strong>PARKEN VOR ORT<\/strong><br \/>\nOffizielle Parkm\u00f6glichkeiten befinden sich hier:<\/p>\n<ul>\n<li>an der Sporthalle Kupferdreh (begrenzt!)<\/li>\n<li>unter der Aufst\u00e4nderung A44 am Kupferdreher Markt<\/li>\n<li>im Gewerbegebiet Prinz-Friedrich \/ Ph\u00f6nixh\u00fctte n\u00f6rdlich der Sporthalle (zahlreich!)<\/li>\n<li><strong>Bitte Ausschilderung beachten und unbedingt den Anweisungen der Ordner folgen!<\/strong><\/li>\n<\/ul>\n","protected":false},"excerpt":{"rendered":"<p>ANREISE Von der A 40 aus Richtung Dortmund auf die A 52 Abfahrt E-Bergerhausen links ab Richtung Kupferdreh, Ruhrallee (B 227), geradeaus auf Wuppertaler Str., vor der A 44 Abfahrt Abfahrt E-\u00dcberruhr, rechts auf Kupferdreher Str. Richtung Kupferdreh-Nord,\u00a0 Prinz-Friedrich-Str. (Sporthalle). Zum Parken im Gewerbegebiet fahren Sie eine Ausfahrt sp\u00e4ter (E-Kupferdreh) [&hellip;]<\/p>\n","protected":false},"author":1,"featured_media":0,"parent":0,"menu_order":0,"comment_status":"closed","ping_status":"closed","template":"","meta":{"jetpack_post_was_ever_published":false,"footnotes":""},"class_list":["post-50","page","type-page","status-publish","hentry"],"jetpack_sharing_enabled":true,"jetpack_shortlink":"https:\/\/wp.me\/Pa9Fl3-O","_links":{"self":[{"href":"https:\/\/mkradio.de\/blumensaat\/index.php?rest_route=\/wp\/v2\/pages\/50","targetHints":{"allow":["GET"]}}],"collection":[{"href":"https:\/\/mkradio.de\/blumensaat\/index.php?rest_route=\/wp\/v2\/pages"}],"about":[{"href":"https:\/\/mkradio.de\/blumensaat\/index.php?rest_route=\/wp\/v2\/types\/page"}],"author":[{"embeddable":true,"href":"https:\/\/mkradio.de\/blumensaat\/index.php?rest_route=\/wp\/v2\/users\/1"}],"replies":[{"embeddable":true,"href":"https:\/\/mkradio.de\/blumensaat\/index.php?rest_route=%2Fwp%2Fv2%2Fcomments&post=50"}],"version-history":[{"count":5,"href":"https:\/\/mkradio.de\/blumensaat\/index.php?rest_route=\/wp\/v2\/pages\/50\/revisions"}],"predecessor-version":[{"id":336,"href":"https:\/\/mkradio.de\/blumensaat\/index.php?rest_route=\/wp\/v2\/pages\/50\/revisions\/336"}],"wp:attachment":[{"href":"https:\/\/mkradio.de\/blumensaat\/index.php?rest_route=%2Fwp%2Fv2%2Fmedia&parent=50"}],"curies":[{"name":"wp","href":"https:\/\/api.w.org\/{rel}","templated":true}]}}