{"id":43,"date":"2016-05-29T19:17:58","date_gmt":"2016-05-29T17:17:58","guid":{"rendered":"http:\/\/www.mkradio.de\/blumensaat\/?page_id=43"},"modified":"2025-10-22T20:24:22","modified_gmt":"2025-10-22T18:24:22","slug":"anmeldung","status":"publish","type":"page","link":"https:\/\/mkradio.de\/blumensaat\/?page_id=43","title":{"rendered":"ANMELDUNG"},"content":{"rendered":"<p>Wir freuen uns auf Eure <a href=\"https:\/\/cologne-timing.de\/anmeldung\/blumensaat-lauf-1\">Meldung f\u00fcr den Blumensaatlauf am 22. November 2025<\/a>!<\/p>\n<p><strong>ANMELDUNG<\/strong><br \/>\nNach der Anmeldung stehen alle Sportler \u00fcbersichtlich in der <a href=\"https:\/\/cologne-timing.de\/anmeldung\/blumensaat-lauf-1\" target=\"_blank\" rel=\"noopener noreferrer\">Starterliste f\u00fcr den Blumensaatlauf<\/a>.<br \/>\nF\u00fcr eine Mannschaftswertung achtet bitte unbedingt auf die einheitliche Schreibweise des Vereinsnamens!<\/p>\n<p>Schriftliche Meldungen per Post\/E-Mail mit\u00a0Angabe des Jahrgangs und des Wettbewerbes an:<br \/>\nDr. Roland D\u00f6hrn, Milchstr.18, 45277 Essen. E-Mail: doehrn-essen@t-online.de<\/p>\n<p><strong>STARTGEB\u00dcHREN<\/strong><\/p>\n<p>Online-Anmeldungen mit Abbuchung sind bis zum Veranstaltungstag m\u00f6glich.<\/p>\n<p>Nachmeldungen und Ummeldungen zzgl. 5\u20ac nur am Veranstaltungstag.<\/p>\n","protected":false},"excerpt":{"rendered":"<p>Wir freuen uns auf Eure Meldung f\u00fcr den Blumensaatlauf am 22. November 2025! ANMELDUNG Nach der Anmeldung stehen alle Sportler \u00fcbersichtlich in der Starterliste f\u00fcr den Blumensaatlauf. F\u00fcr eine Mannschaftswertung achtet bitte unbedingt auf die einheitliche Schreibweise des Vereinsnamens! Schriftliche Meldungen per Post\/E-Mail mit\u00a0Angabe des Jahrgangs und des Wettbewerbes an: [&hellip;]<\/p>\n","protected":false},"author":1,"featured_media":0,"parent":0,"menu_order":0,"comment_status":"closed","ping_status":"closed","template":"","meta":{"jetpack_post_was_ever_published":false,"footnotes":""},"class_list":["post-43","page","type-page","status-publish","hentry"],"jetpack_sharing_enabled":true,"jetpack_shortlink":"https:\/\/wp.me\/Pa9Fl3-H","_links":{"self":[{"href":"https:\/\/mkradio.de\/blumensaat\/index.php?rest_route=\/wp\/v2\/pages\/43","targetHints":{"allow":["GET"]}}],"collection":[{"href":"https:\/\/mkradio.de\/blumensaat\/index.php?rest_route=\/wp\/v2\/pages"}],"about":[{"href":"https:\/\/mkradio.de\/blumensaat\/index.php?rest_route=\/wp\/v2\/types\/page"}],"author":[{"embeddable":true,"href":"https:\/\/mkradio.de\/blumensaat\/index.php?rest_route=\/wp\/v2\/users\/1"}],"replies":[{"embeddable":true,"href":"https:\/\/mkradio.de\/blumensaat\/index.php?rest_route=%2Fwp%2Fv2%2Fcomments&post=43"}],"version-history":[{"count":27,"href":"https:\/\/mkradio.de\/blumensaat\/index.php?rest_route=\/wp\/v2\/pages\/43\/revisions"}],"predecessor-version":[{"id":402,"href":"https:\/\/mkradio.de\/blumensaat\/index.php?rest_route=\/wp\/v2\/pages\/43\/revisions\/402"}],"wp:attachment":[{"href":"https:\/\/mkradio.de\/blumensaat\/index.php?rest_route=%2Fwp%2Fv2%2Fmedia&parent=43"}],"curies":[{"name":"wp","href":"https:\/\/api.w.org\/{rel}","templated":true}]}}