{"id":32,"date":"2016-05-29T19:09:38","date_gmt":"2016-05-29T17:09:38","guid":{"rendered":"http:\/\/www.mkradio.de\/blumensaat\/?page_id=32"},"modified":"2025-10-22T20:26:34","modified_gmt":"2025-10-22T18:26:34","slug":"ausschreibung","status":"publish","type":"page","link":"https:\/\/mkradio.de\/blumensaat\/?page_id=32","title":{"rendered":"AUSSCHREIBUNG"},"content":{"rendered":"<p>In Gedenken an August Blumensaat l\u00e4dt Euch die Leichtathletikabteilung des TUSEM Essen traditionell am Saisonende zum TUSEM Blumensaat-Lauf ein.<br \/>\nVerpasst nicht diesen weit \u00fcber Essen hinaus bekannten Wettkampf. Hier k\u00f6nnt ihr auf der schnellen und DLV vermessenen Strecke in sch\u00f6nem Ambiente vor der Winterpause nochmal Bestleistungen schaffen!<br \/>\nDie Veranstaltung ist genehmigt und offen f\u00fcr den Bereich des LVN und angrenzende Verb\u00e4nde. Es gelten die Bestimmungen der DLO. Wir freuen uns auf Deinen Start!<\/p>\n<blockquote><p><strong>TERMIN ist am 22. November 2025.\u00a0<\/strong><br \/>\n<strong> START f\u00fcr den 10-Kilometer-Stra\u00dfenlauf ist um 12.30 Uhr<\/strong><br \/>\n<strong> START beim Halbmarathon ist um 14.00 Uhr<br \/>\n<\/strong><\/p><\/blockquote>\n<p>Eine E-Mail mit detaillierten, aktuellen Informationen zum Lauf wird nach Ende der Online-Anmeldefrist an alle Teilnehmer versendet!<\/p>\n<p><strong>TREFFPUNKT<\/strong><br \/>\nEssen-Kupferdreh (Hardenbergufer \/ Baldeneysee) direkt am Bahnhof E-Kupferdreh (S 9). Der Stadtteil Kupferdreh liegt an der A 44 (B 227).<\/p>\n<p><strong>WETTKAMPFB\u00dcRO<\/strong><\/p>\n<p>In diesem Jahr wieder in der Sporthalle Kupferdreh.<\/p>\n<p><strong>STRECKE<\/strong><br \/>\nIhr lauft auf der bestenlistenf\u00e4higen Pendelstrecke (One Way 5 bzw. 5,27 km) am S\u00fcdufer des Baldeneysees. Die Strecke ist v\u00f6llig flach, vollst\u00e4ndig asphaltiert und zu 100% verkehrsfrei. Jeder Kilometer ist gekennzeichnet. Start und Ziel befinden sich in H\u00f6he der ehemaligen Eisenbahnbr\u00fccke \u00fcber den Baldeneysee direkt am Anfang des Hardenbergufers.<\/p>\n<p><strong>VERPFLEGUNG<\/strong><br \/>\nVerpflegungsstellen mit Getr\u00e4nken (Wasser, Iso, kalter oder nach Bedarf warmer Tee) findet Ihr jeweils kurz hinter den Wendepunkten und im Ziel. Waffeln, Kuchen, W\u00fcrstchen, belegte Br\u00f6tchen und diverse Getr\u00e4nke f\u00fcr den Hunger und Durst gibt&#8217;s danach.<\/p>\n<p><strong>UMKLEIDEN UND DUSCHEN<\/strong><br \/>\nstehen in der Sporthalle Kupferdreh in ausreichender Anzahl zur Verf\u00fcgung! Es gibt eine kostenlose Gep\u00e4ckaufbewahrung in der Turnhalle (ohne Haftung).<\/p>\n<p><strong>WERTUNG<\/strong><br \/>\nWir benutzen folgende Klasseneinteilung: M\u00e4nner und Frauen, Seniorenklasse nach LAO alle 5 Jahre; m\u00e4nnliche und weibliche Jugend. Einzelwertung nach den ausgeschriebenen Klassen. Im Halbmarathon werden zus\u00e4tzlich die Kreismeisterschaften des LVN-Kreis Essen ausgetragen. Au\u00dferdem gibt es eine Mannschaftswertung \u00fcber 10km und Halbmarathon! Jeweils 3 L\u00e4ufer\/innen eines Vereins in Reihenfolge des Einlaufes (netto) bilden ein Team.<\/p>\n<p><strong>ANMELDUNG<\/strong><br \/>\nIhr k\u00f6nnt Euch ganz einfach online anmelden. Bitte nutzt den Men\u00fcpunkt &#8222;Anmeldung&#8220; zu Eurem und auch zu unserem Vorteil.<br \/>\nF\u00fcr eine Mannschaftswertung achtet bitte unbedingt auf die einheitliche Schreibweise des Vereinsnamens!<\/p>\n<p>Schriftliche Meldungen per Post\/E-Mail unter Angabe des Jahrganges und des Wettbewerbes an:<br \/>\nDr. Roland D\u00f6hrn, Milchstr. 18, 45277 Essen. E-Mail: doehrn-essen@t-online.de<\/p>\n<p>Allgemeine Ausk\u00fcnfte: Stefan Losch, E-Mail: info(at)tusem-leichtathletik(Punkt)de.<\/p>\n<p><strong>STARTGEB\u00dcHREN<\/strong><\/p>\n<blockquote><p><a href=\"https:\/\/cologne-timing.de\/anmeldung\/blumensaat-lauf-1\"><b>Die Anmeldung l\u00e4uft bis kurz vor der Veranstaltung \u00fcber Cologne Timing!<\/b><\/a><\/p>\n<p>Nachmeldungen und Ummeldungen zzgl. 5\u20ac nur am Veranstaltungstag.<\/p><\/blockquote>\n<p><strong>ZAHLUNGSWEG<\/strong><br \/>\nAutomatischer Bankeinzug bei Online-Anmeldung (Einzugserm\u00e4chtigung muss erteilt werden).<br \/>\nPer Scheck oder \u00dcberweisung. Bei Meldung per Post bitte den Einzahlungsschein beilegen.<br \/>\n<em>TUSEM Essen e.V., <strong>Konto-Nr.<\/strong> 889 1426, <strong>BLZ <\/strong>360 501 05 (Sparkasse Essen), Stichwort: Blumensaatlauf.<\/em><br \/>\n<em><strong> IBAN:<\/strong> DE20360501050008891426, <strong>BIC:<\/strong> SPESDE3EXXX\u00a0(Sparkasse Essen)<\/em><\/p>\n<p><strong>AUSZEICHNUNGEN<\/strong><br \/>\nAugust-Blumensaat-Pokal f\u00fcr den\/die schnelleste L\u00e4ufer\/-in im Halbmarathon, Nachwuchspokal f\u00fcr den\/die schnellste Jugendliche.<br \/>\nEhrenpreise und gedruckte Urkunden f\u00fcr die Altersklassensieger sowie die Pl\u00e4tz 1-3 (m\/w) im Gesamteinlauf.<br \/>\nOnline-Urkunden und Ergebnislisten sind am Abend nach der Veranstaltung abrufbar.<\/p>\n<p><strong>ZEITMESSUNG<br \/>\n<\/strong>Die Zeitnahme l\u00e4uft \u00fcber einen in Dir Startnummer integrierten Transponder!<\/p>\n<p><strong>GEP\u00c4CKAUFBEWAHRUNG<br \/>\n<\/strong><span>Die Gep\u00e4ckabgabe (ohne Haftung) ist in der Sporthalle zu finden.<\/span><\/p>\n<p><strong>HAFTUNG \/ AGB<\/strong><br \/>\nDer Veranstalter haftet im Rahmen der gesetzlichen Bestimmungen. Der\/die Teilnehmer\/-in erkl\u00e4rt sich damit einverstanden, dass die in seiner\/ihrer Anmeldung genannten Daten sowie die von ihm\/ihr im Zusammenhang mit seiner\/ihrer Wettbewerbsteilnahme gemachten Fotos und Filmaufnahmen ohne Verg\u00fctungsanspr\u00fcche seiner-\/ihrerseits genutzt werden d\u00fcrfen.<br \/>\nBei Nichtantreten oder Ausfall der Veranstaltung durch h\u00f6here Gewalt besteht kein Anspruch auf R\u00fcckerstattung der Organisationsgeb\u00fchr! F\u00fcr abhanden gekommene (Wert-)Gegenst\u00e4nde wird nicht gehaftet.<\/p>\n","protected":false},"excerpt":{"rendered":"<p>In Gedenken an August Blumensaat l\u00e4dt Euch die Leichtathletikabteilung des TUSEM Essen traditionell am Saisonende zum TUSEM Blumensaat-Lauf ein. Verpasst nicht diesen weit \u00fcber Essen hinaus bekannten Wettkampf. Hier k\u00f6nnt ihr auf der schnellen und DLV vermessenen Strecke in sch\u00f6nem Ambiente vor der Winterpause nochmal Bestleistungen schaffen! Die Veranstaltung ist [&hellip;]<\/p>\n","protected":false},"author":1,"featured_media":0,"parent":0,"menu_order":0,"comment_status":"closed","ping_status":"closed","template":"","meta":{"jetpack_post_was_ever_published":false,"footnotes":""},"class_list":["post-32","page","type-page","status-publish","hentry"],"jetpack_sharing_enabled":true,"jetpack_shortlink":"https:\/\/wp.me\/Pa9Fl3-w","_links":{"self":[{"href":"https:\/\/mkradio.de\/blumensaat\/index.php?rest_route=\/wp\/v2\/pages\/32","targetHints":{"allow":["GET"]}}],"collection":[{"href":"https:\/\/mkradio.de\/blumensaat\/index.php?rest_route=\/wp\/v2\/pages"}],"about":[{"href":"https:\/\/mkradio.de\/blumensaat\/index.php?rest_route=\/wp\/v2\/types\/page"}],"author":[{"embeddable":true,"href":"https:\/\/mkradio.de\/blumensaat\/index.php?rest_route=\/wp\/v2\/users\/1"}],"replies":[{"embeddable":true,"href":"https:\/\/mkradio.de\/blumensaat\/index.php?rest_route=%2Fwp%2Fv2%2Fcomments&post=32"}],"version-history":[{"count":35,"href":"https:\/\/mkradio.de\/blumensaat\/index.php?rest_route=\/wp\/v2\/pages\/32\/revisions"}],"predecessor-version":[{"id":404,"href":"https:\/\/mkradio.de\/blumensaat\/index.php?rest_route=\/wp\/v2\/pages\/32\/revisions\/404"}],"wp:attachment":[{"href":"https:\/\/mkradio.de\/blumensaat\/index.php?rest_route=%2Fwp%2Fv2%2Fmedia&parent=32"}],"curies":[{"name":"wp","href":"https:\/\/api.w.org\/{rel}","templated":true}]}}