{"id":2,"date":"2016-05-20T00:08:18","date_gmt":"2016-05-19T22:08:18","guid":{"rendered":"http:\/\/www.mkradio.de\/blumensaat\/?page_id=2"},"modified":"2018-09-25T19:58:33","modified_gmt":"2018-09-25T17:58:33","slug":"beispiel-seite","status":"publish","type":"page","link":"https:\/\/mkradio.de\/blumensaat\/?page_id=2","title":{"rendered":"BLUMENSAATLAUF"},"content":{"rendered":"<p>Vor der lang ersehnten Winterpause kannst Du Ende November beim Blumensaat-Lauf noch einmal zeigen, was in Dir steckt. Auf der besonders flachen und schnellen Pendelstrecke am S\u00fcdufer des Essener Baldeneysees werden zum Saisonausklang nochmal Bestzeiten f\u00e4llig. Wir messen immer Deine tats\u00e4chlich gelaufene Zeit ab \u00dcberqueren der Startlinie, auch wenn Du aus den hinteren Reihen an den Start gehst.<\/p>\n<p>Das bieten wir Dir bei unserem TUSEM-Event:<\/p>\n<ul>\n<li>10 Kilometer und Halbmarathon<\/li>\n<li>Bestenlistenf\u00e4hige, nach internationalen Richtlinien vermessene (Pendel-)Strecke<\/li>\n<li>Schnellste Laufstrecke in Essen und Umgebung<\/li>\n<li>Netto- und Bruttozeit mit ChampionChip \/ mika-timing<\/li>\n<\/ul>\n<p>Wir freuen uns auf Dich!<\/p>\n","protected":false},"excerpt":{"rendered":"<p>Vor der lang ersehnten Winterpause kannst Du Ende November beim Blumensaat-Lauf noch einmal zeigen, was in Dir steckt. Auf der besonders flachen und schnellen Pendelstrecke am S\u00fcdufer des Essener Baldeneysees werden zum Saisonausklang nochmal Bestzeiten f\u00e4llig. Wir messen immer Deine tats\u00e4chlich gelaufene Zeit ab \u00dcberqueren der Startlinie, auch wenn Du [&hellip;]<\/p>\n","protected":false},"author":1,"featured_media":0,"parent":0,"menu_order":0,"comment_status":"closed","ping_status":"open","template":"","meta":{"jetpack_post_was_ever_published":false,"footnotes":""},"class_list":["post-2","page","type-page","status-publish","hentry"],"jetpack_sharing_enabled":true,"jetpack_shortlink":"https:\/\/wp.me\/Pa9Fl3-2","_links":{"self":[{"href":"https:\/\/mkradio.de\/blumensaat\/index.php?rest_route=\/wp\/v2\/pages\/2","targetHints":{"allow":["GET"]}}],"collection":[{"href":"https:\/\/mkradio.de\/blumensaat\/index.php?rest_route=\/wp\/v2\/pages"}],"about":[{"href":"https:\/\/mkradio.de\/blumensaat\/index.php?rest_route=\/wp\/v2\/types\/page"}],"author":[{"embeddable":true,"href":"https:\/\/mkradio.de\/blumensaat\/index.php?rest_route=\/wp\/v2\/users\/1"}],"replies":[{"embeddable":true,"href":"https:\/\/mkradio.de\/blumensaat\/index.php?rest_route=%2Fwp%2Fv2%2Fcomments&post=2"}],"version-history":[{"count":4,"href":"https:\/\/mkradio.de\/blumensaat\/index.php?rest_route=\/wp\/v2\/pages\/2\/revisions"}],"predecessor-version":[{"id":193,"href":"https:\/\/mkradio.de\/blumensaat\/index.php?rest_route=\/wp\/v2\/pages\/2\/revisions\/193"}],"wp:attachment":[{"href":"https:\/\/mkradio.de\/blumensaat\/index.php?rest_route=%2Fwp%2Fv2%2Fmedia&parent=2"}],"curies":[{"name":"wp","href":"https:\/\/api.w.org\/{rel}","templated":true}]}}